{"id":2411,"date":"2025-10-20T10:23:07","date_gmt":"2025-10-20T09:23:07","guid":{"rendered":"https:\/\/toppropertiesestepona.com\/?page_id=2411"},"modified":"2026-04-16T12:52:36","modified_gmt":"2026-04-16T11:52:36","slug":"contact-us","status":"publish","type":"page","link":"https:\/\/toppropertiesestepona.com\/es\/contact-us\/","title":{"rendered":"Contacto"},"content":{"rendered":"\t\t<div data-elementor-type=\"wp-page\" data-elementor-id=\"2411\" class=\"elementor elementor-2411\" data-elementor-post-type=\"page\">\n\t\t\t\t<div class=\"elementor-element elementor-element-a5fba08 e-con-full e-flex e-con e-parent\" data-id=\"a5fba08\" data-element_type=\"container\" data-e-type=\"container\" data-settings=\"{&quot;background_background&quot;:&quot;classic&quot;}\">\n\t\t\t\t<div class=\"elementor-element elementor-element-727f8d9 elementor-widget elementor-widget-heading\" data-id=\"727f8d9\" data-element_type=\"widget\" data-e-type=\"widget\" data-widget_type=\"heading.default\">\n\t\t\t\t<div class=\"elementor-widget-container\">\n\t\t\t\t\t<h1 class=\"elementor-heading-title elementor-size-default\">Contact<\/h1>\t\t\t\t<\/div>\n\t\t\t\t<\/div>\n\t\t\t\t<div class=\"elementor-element elementor-element-0d07f86 elementor-widget__width-initial elementor-widget elementor-widget-text-editor\" data-id=\"0d07f86\" data-element_type=\"widget\" data-e-type=\"widget\" data-widget_type=\"text-editor.default\">\n\t\t\t\t<div class=\"elementor-widget-container\">\n\t\t\t\t\t\t\t\t\t<p>Get in touch today to take the first step to finding your perfect Estepona property.<\/p>\t\t\t\t\t\t\t\t<\/div>\n\t\t\t\t<\/div>\n\t\t\t\t<\/div>\n\t\t<div class=\"elementor-element elementor-element-c68b781 e-flex e-con-boxed e-con e-parent\" data-id=\"c68b781\" data-element_type=\"container\" data-e-type=\"container\">\n\t\t\t\t\t<div class=\"e-con-inner\">\n\t\t<div class=\"elementor-element elementor-element-5584ca0 e-con-full e-flex e-con e-child\" data-id=\"5584ca0\" data-element_type=\"container\" data-e-type=\"container\">\n\t\t<div class=\"elementor-element elementor-element-ae498dd e-con-full e-flex e-con e-child\" data-id=\"ae498dd\" data-element_type=\"container\" data-e-type=\"container\" data-settings=\"{&quot;background_background&quot;:&quot;classic&quot;}\">\n\t\t\t\t<div class=\"elementor-element elementor-element-a476dd7 elementor-widget elementor-widget-image\" data-id=\"a476dd7\" data-element_type=\"widget\" data-e-type=\"widget\" data-widget_type=\"image.default\">\n\t\t\t\t<div class=\"elementor-widget-container\">\n\t\t\t\t\t\t\t\t\t\t\t\t\t\t\t<img fetchpriority=\"high\" decoding=\"async\" width=\"800\" height=\"800\" src=\"https:\/\/toppropertiesestepona.com\/wp-content\/uploads\/2025\/10\/icon-3-1024x1024.png\" class=\"attachment-large size-large wp-image-604\" alt=\"\" srcset=\"https:\/\/toppropertiesestepona.com\/wp-content\/uploads\/2025\/10\/icon-3-1024x1024.png 1024w, https:\/\/toppropertiesestepona.com\/wp-content\/uploads\/2025\/10\/icon-3-300x300.png 300w, https:\/\/toppropertiesestepona.com\/wp-content\/uploads\/2025\/10\/icon-3-150x150.png 150w, https:\/\/toppropertiesestepona.com\/wp-content\/uploads\/2025\/10\/icon-3-768x768.png 768w, https:\/\/toppropertiesestepona.com\/wp-content\/uploads\/2025\/10\/icon-3-1536x1536.png 1536w, https:\/\/toppropertiesestepona.com\/wp-content\/uploads\/2025\/10\/icon-3-2048x2048.png 2048w, https:\/\/toppropertiesestepona.com\/wp-content\/uploads\/2025\/10\/icon-3-12x12.png 12w\" sizes=\"(max-width: 800px) 100vw, 800px\" \/>\t\t\t\t\t\t\t\t\t\t\t\t\t\t\t<\/div>\n\t\t\t\t<\/div>\n\t\t\t\t<div class=\"elementor-element elementor-element-b027793 elementor-mobile-align-center elementor-align-center elementor-icon-list--layout-traditional elementor-list-item-link-full_width elementor-widget elementor-widget-icon-list\" data-id=\"b027793\" data-element_type=\"widget\" data-e-type=\"widget\" data-widget_type=\"icon-list.default\">\n\t\t\t\t<div class=\"elementor-widget-container\">\n\t\t\t\t\t\t\t<ul class=\"elementor-icon-list-items\">\n\t\t\t\t\t\t\t<li class=\"elementor-icon-list-item\">\n\t\t\t\t\t\t\t\t\t\t\t<a href=\"tel:%20+34%20633%20538%20813%20\">\n\n\t\t\t\t\t\t\t\t\t\t\t<span class=\"elementor-icon-list-text\"><b>P:<\/b> +34 633 538 813 <\/span>\n\t\t\t\t\t\t\t\t\t\t\t<\/a>\n\t\t\t\t\t\t\t\t\t<\/li>\n\t\t\t\t\t\t<\/ul>\n\t\t\t\t\t\t<\/div>\n\t\t\t\t<\/div>\n\t\t\t\t<div class=\"elementor-element elementor-element-f0d9ba8 elementor-mobile-align-center elementor-align-center elementor-icon-list--layout-traditional elementor-list-item-link-full_width elementor-widget elementor-widget-icon-list\" data-id=\"f0d9ba8\" data-element_type=\"widget\" data-e-type=\"widget\" data-widget_type=\"icon-list.default\">\n\t\t\t\t<div class=\"elementor-widget-container\">\n\t\t\t\t\t\t\t<ul class=\"elementor-icon-list-items\">\n\t\t\t\t\t\t\t<li class=\"elementor-icon-list-item\">\n\t\t\t\t\t\t\t\t\t\t\t<a href=\"http:\/\/wa.me\/34633538813\" target=\"_blank\" rel=\"noopener\">\n\n\t\t\t\t\t\t\t\t\t\t\t\t<span class=\"elementor-icon-list-icon\">\n\t\t\t\t\t\t\t<svg xmlns=\"http:\/\/www.w3.org\/2000\/svg\" xmlns:xlink=\"http:\/\/www.w3.org\/1999\/xlink\" width=\"30\" height=\"31\" viewBox=\"0 0 30 31\" fill=\"none\"><rect y=\"0.5\" width=\"30\" height=\"30\" fill=\"url(#pattern0_507_1105)\"><\/rect><defs><pattern id=\"pattern0_507_1105\" patternContentUnits=\"objectBoundingBox\" width=\"1\" height=\"1\"><use xlink:href=\"#image0_507_1105\" transform=\"scale(0.02)\"><\/use><\/pattern><image id=\"image0_507_1105\" width=\"50\" height=\"50\" preserveAspectRatio=\"none\" xlink:href=\"data:image\/png;base64,iVBORw0KGgoAAAANSUhEUgAAADIAAAAyCAYAAAAeP4ixAAAACXBIWXMAAAsTAAALEwEAmpwYAAAFBklEQVR4nO1ZaYgcVRBujXgT8UAx3uIBgveBBP3lBf7QP+afmii4JttVvdlsRAXNCp4kumqMxIASzZpAuqtmNqtuslPVjhhW422EiPhDoiIoicZro0k2u\/J618mb3p6do3ui6HzQf2Ze13vfe1X11at2nBZaaKGF\/zVQ\/fOgkLsLhZ9EIR+FCqgsqMQgtAyUwBO+fJbvT3P+bWgv+meB0BMg9C0qj9X0CP0EyisMqX96\/U5HMX86Cq9B5ZGaCSQ8oKyu8iX7n8HY2AEotACVhhMXJrwFhFeB8IOuUgcId4LQkug35Y8rEBoBoadxYOCQ\/cKhvegfCcL9kxdC32DIC91C34xqNjzxT0VlF5U+S3C5j7DIJzeVhCu5Y0Hp\/Um+LnTP7OLKQ+u1193dfSAI347CW2Ou9nVH6J\/bFBJdg6uOAOFNMRca8nTdCWltt\/X3H47CL8bJNOVkolRaPtHLWfszmrgTGt23UfRhpnN4Qm3l7sRrTMA7TQAodcVirycTw8Z1QGiHFRPvdb7jH+Y0EVjuZiMdg\/mLUhsFpaXW7gzP25A\/ZfLEuZtRmVB59fz1fGJGMbPV2rxCKoMLiv3H2VoByo\/Fx7gh3wTKe\/eNoaVOBgCTzSwXcwvBZQ0bM2Jmncb2NvGPsv\/vLhYPivSjXAt+NlqTlsgs359WpjNCyxs2BkrvWhlkSfx\/T3JXVSg57nYyAEaiWZp\/W0OFptl9u4ZKOloM6bZkIvRJFkTaQzqtzL0aqce8QnCNtRs7knbDC+nGCnXTB05GAOHNll031bGi8NtJYzrVP8kO9AnSv0LIFzoZAZRfSpVIUOhRK9BfmWLcQOw0HnYyBAg9YK2D6zaASs9au7ys0jjjt3YsgfKXWQomCmMqPQHlp6zFrah1bOpUOYUEgNJ6p16YS5G1MH+qsaaEj+4RNpmQFzoZAIUfsjZ0bdpCsWoWMiU3Kn0Xi5fHk7KdqRBQeKUr+fOr2QWlVy17i+smApq7wtqJXbVcnLw385caZY9pykZPgwushYF10qMotA4LfGXFdQh\/UdKRkO+om4hZuCFgidF1tW8AbY8p\/V5Q6kOlRSi8O0l7XM3NrXAlLo3xCnR23USiRQm\/UUsKTm4P8Zb6OinUFbeDyvdaY75yGoUnwWxrV3+fO8jH1\/quScGmKwJCe6oSERqNlx+d4++X+mQg\/EjKjgltS6OsruTOMacJwjsrkTCiF38Phe63dGwPDPpnOGkAQvfZQT9f6MxG7OBA73SU4M6odar0efQIBRgGM+Nj3ULfjPKkUbtbV16ABBfbu5fFDbBqkhGrWyP8WybdlPGOYslPNztN72Byb7nrMWZi25QFU12usoK5p4Py2vIYIs6kWxOVHnZ\/NwyuT+oWpp3HBHK8xAHhTaYpmNb2+ARC11qGd5qU2O37B4MGV5sayKh25MNKPY10HOdtfP1oc8oo\/EeMxFDnBv8YJyuY2sZyq++Nmxk9SdYDGo7qpwLdMFV3MGpYhMFMFH7G9I0TbK02bpYZiYiI0Kf1qLMVoLtNuzPyeaEXUOn5CS0ZAqVfkpWdf2yolqoG4yp2HzY26S5QesuU+uPlPv3QEOG\/T1Kpx\/TQnGYANLjVLvomgnGxcZ340UflhNIcVHoNlP6sWlcZpRYeMqm1aQTKLjRCy1H5FvNdxKkRhpT5Ljh+n6FF0Vco4efMHQSE26MEMtA7vVZ7LbTQQgv\/TfwFs16DL+RdTGMAAAAASUVORK5CYII=\"><\/image><\/defs><\/svg>\t\t\t\t\t\t<\/span>\n\t\t\t\t\t\t\t\t\t\t<span class=\"elementor-icon-list-text\">We are available on Whatsapp <\/span>\n\t\t\t\t\t\t\t\t\t\t\t<\/a>\n\t\t\t\t\t\t\t\t\t<\/li>\n\t\t\t\t\t\t<\/ul>\n\t\t\t\t\t\t<\/div>\n\t\t\t\t<\/div>\n\t\t\t\t<div class=\"elementor-element elementor-element-769aa9b elementor-mobile-align-center elementor-align-center elementor-icon-list--layout-traditional elementor-list-item-link-full_width elementor-widget elementor-widget-icon-list\" data-id=\"769aa9b\" data-element_type=\"widget\" data-e-type=\"widget\" data-widget_type=\"icon-list.default\">\n\t\t\t\t<div class=\"elementor-widget-container\">\n\t\t\t\t\t\t\t<ul class=\"elementor-icon-list-items\">\n\t\t\t\t\t\t\t<li class=\"elementor-icon-list-item\">\n\t\t\t\t\t\t\t\t\t\t\t<a href=\"mailto:info@toppropertiesestepona.com\">\n\n\t\t\t\t\t\t\t\t\t\t\t<span class=\"elementor-icon-list-text\"><b>E:<\/b>info@toppropertiesestepona.com<\/span>\n\t\t\t\t\t\t\t\t\t\t\t<\/a>\n\t\t\t\t\t\t\t\t\t<\/li>\n\t\t\t\t\t\t<\/ul>\n\t\t\t\t\t\t<\/div>\n\t\t\t\t<\/div>\n\t\t\t\t<div class=\"elementor-element elementor-element-2a8052e elementor-icon-list--layout-inline elementor-mobile-align-center elementor-align-center elementor-list-item-link-full_width elementor-widget elementor-widget-icon-list\" data-id=\"2a8052e\" data-element_type=\"widget\" data-e-type=\"widget\" data-widget_type=\"icon-list.default\">\n\t\t\t\t<div class=\"elementor-widget-container\">\n\t\t\t\t\t\t\t<ul class=\"elementor-icon-list-items elementor-inline-items\">\n\t\t\t\t\t\t\t<li class=\"elementor-icon-list-item elementor-inline-item\">\n\t\t\t\t\t\t\t\t\t\t<span class=\"elementor-icon-list-text\">Follow us<\/span>\n\t\t\t\t\t\t\t\t\t<\/li>\n\t\t\t\t\t\t\t\t<li class=\"elementor-icon-list-item elementor-inline-item\">\n\t\t\t\t\t\t\t\t\t\t\t<a href=\"https:\/\/www.instagram.com\/toppropertiesestepona\/\" target=\"_blank\" rel=\"noopener\">\n\n\t\t\t\t\t\t\t\t\t\t\t\t<span class=\"elementor-icon-list-icon\">\n\t\t\t\t\t\t\t<svg aria-hidden=\"true\" class=\"e-font-icon-svg e-fab-instagram\" viewBox=\"0 0 448 512\" xmlns=\"http:\/\/www.w3.org\/2000\/svg\"><path d=\"M224.1 141c-63.6 0-114.9 51.3-114.9 114.9s51.3 114.9 114.9 114.9S339 319.5 339 255.9 287.7 141 224.1 141zm0 189.6c-41.1 0-74.7-33.5-74.7-74.7s33.5-74.7 74.7-74.7 74.7 33.5 74.7 74.7-33.6 74.7-74.7 74.7zm146.4-194.3c0 14.9-12 26.8-26.8 26.8-14.9 0-26.8-12-26.8-26.8s12-26.8 26.8-26.8 26.8 12 26.8 26.8zm76.1 27.2c-1.7-35.9-9.9-67.7-36.2-93.9-26.2-26.2-58-34.4-93.9-36.2-37-2.1-147.9-2.1-184.9 0-35.8 1.7-67.6 9.9-93.9 36.1s-34.4 58-36.2 93.9c-2.1 37-2.1 147.9 0 184.9 1.7 35.9 9.9 67.7 36.2 93.9s58 34.4 93.9 36.2c37 2.1 147.9 2.1 184.9 0 35.9-1.7 67.7-9.9 93.9-36.2 26.2-26.2 34.4-58 36.2-93.9 2.1-37 2.1-147.8 0-184.8zM398.8 388c-7.8 19.6-22.9 34.7-42.6 42.6-29.5 11.7-99.5 9-132.1 9s-102.7 2.6-132.1-9c-19.6-7.8-34.7-22.9-42.6-42.6-11.7-29.5-9-99.5-9-132.1s-2.6-102.7 9-132.1c7.8-19.6 22.9-34.7 42.6-42.6 29.5-11.7 99.5-9 132.1-9s102.7-2.6 132.1 9c19.6 7.8 34.7 22.9 42.6 42.6 11.7 29.5 9 99.5 9 132.1s2.7 102.7-9 132.1z\"><\/path><\/svg>\t\t\t\t\t\t<\/span>\n\t\t\t\t\t\t\t\t\t\t<span class=\"elementor-icon-list-text\"><\/span>\n\t\t\t\t\t\t\t\t\t\t\t<\/a>\n\t\t\t\t\t\t\t\t\t<\/li>\n\t\t\t\t\t\t\t\t<li class=\"elementor-icon-list-item elementor-inline-item\">\n\t\t\t\t\t\t\t\t\t\t\t<a href=\"https:\/\/www.linkedin.com\/login\/?session_redirect=%2Fcompany%2F106513441%2F\" target=\"_blank\" rel=\"noopener\">\n\n\t\t\t\t\t\t\t\t\t\t\t\t<span class=\"elementor-icon-list-icon\">\n\t\t\t\t\t\t\t<svg aria-hidden=\"true\" class=\"e-font-icon-svg e-fab-linkedin\" viewBox=\"0 0 448 512\" xmlns=\"http:\/\/www.w3.org\/2000\/svg\"><path d=\"M416 32H31.9C14.3 32 0 46.5 0 64.3v383.4C0 465.5 14.3 480 31.9 480H416c17.6 0 32-14.5 32-32.3V64.3c0-17.8-14.4-32.3-32-32.3zM135.4 416H69V202.2h66.5V416zm-33.2-243c-21.3 0-38.5-17.3-38.5-38.5S80.9 96 102.2 96c21.2 0 38.5 17.3 38.5 38.5 0 21.3-17.2 38.5-38.5 38.5zm282.1 243h-66.4V312c0-24.8-.5-56.7-34.5-56.7-34.6 0-39.9 27-39.9 54.9V416h-66.4V202.2h63.7v29.2h.9c8.9-16.8 30.6-34.5 62.9-34.5 67.2 0 79.7 44.3 79.7 101.9V416z\"><\/path><\/svg>\t\t\t\t\t\t<\/span>\n\t\t\t\t\t\t\t\t\t\t<span class=\"elementor-icon-list-text\"><\/span>\n\t\t\t\t\t\t\t\t\t\t\t<\/a>\n\t\t\t\t\t\t\t\t\t<\/li>\n\t\t\t\t\t\t\t\t<li class=\"elementor-icon-list-item elementor-inline-item\">\n\t\t\t\t\t\t\t\t\t\t\t<a href=\"https:\/\/www.facebook.com\/toppropertiesestepona?locale=es_ES\" target=\"_blank\" rel=\"noopener\">\n\n\t\t\t\t\t\t\t\t\t\t\t\t<span class=\"elementor-icon-list-icon\">\n\t\t\t\t\t\t\t<svg aria-hidden=\"true\" class=\"e-font-icon-svg e-fab-facebook-square\" viewBox=\"0 0 448 512\" xmlns=\"http:\/\/www.w3.org\/2000\/svg\"><path d=\"M400 32H48A48 48 0 0 0 0 80v352a48 48 0 0 0 48 48h137.25V327.69h-63V256h63v-54.64c0-62.15 37-96.48 93.67-96.48 27.14 0 55.52 4.84 55.52 4.84v61h-31.27c-30.81 0-40.42 19.12-40.42 38.73V256h68.78l-11 71.69h-57.78V480H400a48 48 0 0 0 48-48V80a48 48 0 0 0-48-48z\"><\/path><\/svg>\t\t\t\t\t\t<\/span>\n\t\t\t\t\t\t\t\t\t\t<span class=\"elementor-icon-list-text\"><\/span>\n\t\t\t\t\t\t\t\t\t\t\t<\/a>\n\t\t\t\t\t\t\t\t\t<\/li>\n\t\t\t\t\t\t<\/ul>\n\t\t\t\t\t\t<\/div>\n\t\t\t\t<\/div>\n\t\t\t\t<\/div>\n\t\t<div class=\"elementor-element elementor-element-105f9c9 e-con-full e-flex e-con e-child\" data-id=\"105f9c9\" data-element_type=\"container\" data-e-type=\"container\">\n\t\t\t\t<div class=\"elementor-element elementor-element-6af931e elementor-button-align-center elementor-widget__width-initial elementor-widget elementor-widget-global elementor-global-3145 elementor-widget-form\" data-id=\"6af931e\" data-element_type=\"widget\" data-e-type=\"widget\" data-settings=\"{&quot;step_next_label&quot;:&quot;Next&quot;,&quot;step_previous_label&quot;:&quot;Previous&quot;,&quot;button_width&quot;:&quot;100&quot;,&quot;step_type&quot;:&quot;number_text&quot;,&quot;step_icon_shape&quot;:&quot;circle&quot;}\" data-widget_type=\"form.default\">\n\t\t\t\t<div class=\"elementor-widget-container\">\n\t\t\t\t\t\t\t<form class=\"elementor-form\" method=\"post\" id=\"contact_Frm\" name=\"Main Form\" aria-label=\"Main Form\">\n\t\t\t<input type=\"hidden\" name=\"post_id\" value=\"2411\"\/>\n\t\t\t<input type=\"hidden\" name=\"form_id\" value=\"6af931e\"\/>\n\t\t\t<input type=\"hidden\" name=\"referer_title\" value=\"\" \/>\n\n\t\t\t\n\t\t\t<div class=\"elementor-form-fields-wrapper elementor-labels-\">\n\t\t\t\t\t\t\t\t<div class=\"elementor-field-type-text elementor-field-group elementor-column elementor-field-group-name elementor-col-100 elementor-field-required\">\n\t\t\t\t\t\t\t\t\t\t\t\t<label for=\"form-field-name\" class=\"elementor-field-label elementor-screen-only\">\n\t\t\t\t\t\t\t\tName*\t\t\t\t\t\t\t<\/label>\n\t\t\t\t\t\t\t\t\t\t\t\t\t\t<input size=\"1\" type=\"text\" name=\"form_fields[name]\" id=\"form-field-name\" class=\"elementor-field elementor-size-xs  elementor-field-textual\" placeholder=\"Name*\" required=\"required\">\n\t\t\t\t\t\t\t\t\t\t\t<\/div>\n\t\t\t\t\t\t\t\t<div class=\"elementor-field-type-email elementor-field-group elementor-column elementor-field-group-email elementor-col-100 elementor-field-required\">\n\t\t\t\t\t\t\t\t\t\t\t\t<label for=\"form-field-email\" class=\"elementor-field-label elementor-screen-only\">\n\t\t\t\t\t\t\t\tEmail Address*\t\t\t\t\t\t\t<\/label>\n\t\t\t\t\t\t\t\t\t\t\t\t\t\t<input size=\"1\" type=\"email\" name=\"form_fields[email]\" id=\"form-field-email\" class=\"elementor-field elementor-size-xs  elementor-field-textual\" placeholder=\"Email Address*\" required=\"required\">\n\t\t\t\t\t\t\t\t\t\t\t<\/div>\n\t\t\t\t\t\t\t\t<div class=\"elementor-field-type-text elementor-field-group elementor-column elementor-field-group-phonee elementor-col-100 elementor-field-required\">\n\t\t\t\t\t\t\t\t\t\t\t\t<label for=\"form-field-phonee\" class=\"elementor-field-label elementor-screen-only\">\n\t\t\t\t\t\t\t\tPhone number*\t\t\t\t\t\t\t<\/label>\n\t\t\t\t\t\t\t\t\t\t\t\t\t\t<input size=\"1\" type=\"text\" name=\"form_fields[phonee]\" id=\"form-field-phonee\" class=\"elementor-field elementor-size-xs  elementor-field-textual\" placeholder=\"Phone number*\" required=\"required\">\n\t\t\t\t\t\t\t\t\t\t\t<\/div>\n\t\t\t\t\t\t\t\t<div class=\"elementor-field-type-textarea elementor-field-group elementor-column elementor-field-group-message elementor-col-100\">\n\t\t\t\t\t\t\t\t\t\t\t\t<label for=\"form-field-message\" class=\"elementor-field-label elementor-screen-only\">\n\t\t\t\t\t\t\t\tMessage\t\t\t\t\t\t\t<\/label>\n\t\t\t\t\t\t<textarea class=\"elementor-field-textual elementor-field  elementor-size-xs\" name=\"form_fields[message]\" id=\"form-field-message\" rows=\"4\" placeholder=\"Message\"><\/textarea>\t\t\t\t<\/div>\n\t\t\t\t\t\t\t\t<div class=\"elementor-field-type-html elementor-field-group elementor-column elementor-field-group-field_7838e55 elementor-col-100\">\n\t\t\t\t\t<details style=\"font-size: 12px;\">\n<summary style=\"font-size: 12px;\">Informative clause<\/summary>\nDe conformidad con lo dispuesto en la normativa vigente de Protecci\u00f3n de datos, le informamos que los datos que nos facilite ser\u00e1n tratados por el Responsable del tratamiento, con el fin de atender y responder las solicitudes de contacto, concertaci\u00f3n de citas, peticiones de informaci\u00f3n y\/o consultas recibidas. La legitimaci\u00f3n del tratamiento se basa en la ejecuci\u00f3n del servicio y\/o en el consentimiento del interesado. Sus datos no se comunicar\u00e1n a terceros salvo obligaci\u00f3n legal. Puede ejercitar los derechos de acceso, rectificaci\u00f3n, supresi\u00f3n, oposici\u00f3n, limitaci\u00f3n y portabilidad enviando un mail a : <a href=\"mailto: info@toppropertiesestepona.com\" bis_skin_checked=\"1\"> info@toppropertiesestepona.com <\/a>Puede consultar la informaci\u00f3n detallada en nuestra  <a href=\"\/politica-de-privacidad\/\" target=\"_blank\" bis_skin_checked=\"1\">POL\u00cdTICA DE PRIVACIDAD.<\/a>\n<\/details>\t\t\t\t<\/div>\n\t\t\t\t\t\t\t\t<div class=\"elementor-field-type-acceptance elementor-field-group elementor-column elementor-field-group-field_5e0a1cc elementor-col-100 elementor-field-required\">\n\t\t\t\t\t\t\t<div class=\"elementor-field-subgroup\">\n\t\t\t<span class=\"elementor-field-option\">\n\t\t\t\t<input type=\"checkbox\" name=\"form_fields[field_5e0a1cc]\" id=\"form-field-field_5e0a1cc\" class=\"elementor-field elementor-size-xs  elementor-acceptance-field\" required=\"required\">\n\t\t\t\t<label for=\"form-field-field_5e0a1cc\">He le\u00eddo y Acepto la <a href=\"\/politica-de-privacidad\/\" target=\"_blank\" bis_skin_checked=\"1\">Pol\u00edtica de Privacidad.<\/a><\/label>\t\t\t<\/span>\n\t\t<\/div>\n\t\t\t\t\t\t<\/div>\n\t\t\t\t\t\t\t\t<div class=\"elementor-field-type-acceptance elementor-field-group elementor-column elementor-field-group-field_6bea05b elementor-col-100\">\n\t\t\t\t\t\t\t<div class=\"elementor-field-subgroup\">\n\t\t\t<span class=\"elementor-field-option\">\n\t\t\t\t<input type=\"checkbox\" name=\"form_fields[field_6bea05b]\" id=\"form-field-field_6bea05b\" class=\"elementor-field elementor-size-xs  elementor-acceptance-field\">\n\t\t\t\t<label for=\"form-field-field_6bea05b\">Acepto el uso de mis datos de contacto para env\u00edo de informaci\u00f3n comercial acerca de productos y\/o servicios de la empresa<\/label>\t\t\t<\/span>\n\t\t<\/div>\n\t\t\t\t\t\t<\/div>\n\t\t\t\t\t\t\t\t<div class=\"elementor-field-type-text\">\n\t\t\t\t\t<input size=\"1\" type=\"text\" name=\"form_fields[field_44a7112]\" id=\"form-field-field_44a7112\" class=\"elementor-field elementor-size-xs \" style=\"display:none !important;\">\t\t\t\t<\/div>\n\t\t\t\t\t\t\t\t<div class=\"elementor-field-type-recaptcha elementor-field-group elementor-column elementor-field-group-field_3f6870e elementor-col-100\">\n\t\t\t\t\t<div class=\"elementor-field\" id=\"form-field-field_3f6870e\"><div class=\"elementor-g-recaptcha\" data-sitekey=\"6LcZ6x4sAAAAABBp6fSbXp_PdzpwZvM17X-mZMTz\" data-type=\"v2_checkbox\" data-theme=\"light\" data-size=\"normal\"><\/div><\/div>\t\t\t\t<\/div>\n\t\t\t\t\t\t\t\t<div class=\"elementor-field-group elementor-column elementor-field-type-submit elementor-col-100 e-form__buttons\">\n\t\t\t\t\t<button class=\"elementor-button elementor-size-sm\" type=\"submit\">\n\t\t\t\t\t\t<span class=\"elementor-button-content-wrapper\">\n\t\t\t\t\t\t\t\t\t\t\t\t\t\t\t\t\t\t\t\t\t\t<span class=\"elementor-button-text\">Submit<\/span>\n\t\t\t\t\t\t\t\t\t\t\t\t\t<\/span>\n\t\t\t\t\t<\/button>\n\t\t\t\t<\/div>\n\t\t\t<\/div>\n\t\t<\/form>\n\t\t\t\t\t\t<\/div>\n\t\t\t\t<\/div>\n\t\t\t\t<\/div>\n\t\t\t\t<\/div>\n\t\t\t\t\t<\/div>\n\t\t\t\t<\/div>\n\t\t\t\t<\/div>\n\t\t","protected":false},"excerpt":{"rendered":"<p>Contact Get in touch today to take the first step to finding your perfect Estepona property. P: +34 633 538 813 We are available on Whatsapp E:info@toppropertiesestepona.com Follow us<\/p>","protected":false},"author":1,"featured_media":0,"parent":0,"menu_order":0,"comment_status":"closed","ping_status":"closed","template":"","meta":{"_acf_changed":false,"content-type":"","footnotes":""},"class_list":["post-2411","page","type-page","status-publish","hentry"],"acf":[],"_links":{"self":[{"href":"https:\/\/toppropertiesestepona.com\/es\/wp-json\/wp\/v2\/pages\/2411","targetHints":{"allow":["GET"]}}],"collection":[{"href":"https:\/\/toppropertiesestepona.com\/es\/wp-json\/wp\/v2\/pages"}],"about":[{"href":"https:\/\/toppropertiesestepona.com\/es\/wp-json\/wp\/v2\/types\/page"}],"author":[{"embeddable":true,"href":"https:\/\/toppropertiesestepona.com\/es\/wp-json\/wp\/v2\/users\/1"}],"replies":[{"embeddable":true,"href":"https:\/\/toppropertiesestepona.com\/es\/wp-json\/wp\/v2\/comments?post=2411"}],"version-history":[{"count":73,"href":"https:\/\/toppropertiesestepona.com\/es\/wp-json\/wp\/v2\/pages\/2411\/revisions"}],"predecessor-version":[{"id":6425,"href":"https:\/\/toppropertiesestepona.com\/es\/wp-json\/wp\/v2\/pages\/2411\/revisions\/6425"}],"wp:attachment":[{"href":"https:\/\/toppropertiesestepona.com\/es\/wp-json\/wp\/v2\/media?parent=2411"}],"curies":[{"name":"wp","href":"https:\/\/api.w.org\/{rel}","templated":true}]}}