{"id":3528,"date":"2025-11-05T13:24:22","date_gmt":"2025-11-05T13:24:22","guid":{"rendered":"https:\/\/toppropertiesestepona.com\/?page_id=3528"},"modified":"2025-11-24T12:03:09","modified_gmt":"2025-11-24T12:03:09","slug":"aviso-legal","status":"publish","type":"page","link":"https:\/\/toppropertiesestepona.com\/es\/aviso-legal\/","title":{"rendered":"Aviso legal"},"content":{"rendered":"<div data-elementor-type=\"wp-page\" data-elementor-id=\"3528\" class=\"elementor elementor-3528\" data-elementor-post-type=\"page\">\n\t\t\t\t<div class=\"elementor-element elementor-element-7f4c408 e-flex e-con-boxed e-con e-parent\" data-id=\"7f4c408\" data-element_type=\"container\" data-e-type=\"container\">\n\t\t\t\t\t<div class=\"e-con-inner\">\n\t\t\t\t<div class=\"elementor-element elementor-element-e8df9e3 elementor-widget elementor-widget-heading\" data-id=\"e8df9e3\" data-element_type=\"widget\" data-e-type=\"widget\" data-widget_type=\"heading.default\">\n\t\t\t\t<div class=\"elementor-widget-container\">\n\t\t\t\t\t<h1 class=\"elementor-heading-title elementor-size-default\">AVISO LEGAL<\/h1>\t\t\t\t<\/div>\n\t\t\t\t<\/div>\n\t\t\t\t<div class=\"elementor-element elementor-element-0a0cab5 elementor-widget elementor-widget-text-editor\" data-id=\"0a0cab5\" data-element_type=\"widget\" data-e-type=\"widget\" data-widget_type=\"text-editor.default\">\n\t\t\t\t<div class=\"elementor-widget-container\">\n\t\t\t\t\t\t\t\t\t<p><u>INFORMACI\u00d3N GENERAL<\/u><\/p><p>En cumplimiento con el deber de informaci\u00f3n dispuesto en la Ley 34\/2002 de Servicios de la Sociedad de la Informaci\u00f3n y el Comercio Electr\u00f3nico (LSSI-CE) de 11 de julio, se facilitan a continuaci\u00f3n los siguientes datos de informaci\u00f3n general de este sitio web:<\/p><p><strong>Identidad:<\/strong> Top Properties Estepona (Redline Solution SLU) con CIF B92578020 en adelante \u201cel Titular\u201d<\/p><p><strong>Direcci\u00f3n:<\/strong> Centro Comercial Picasso N\u00ba 9 Ctra. N-340, Km. 168; 29688; Estepona &#8211; M\u00e1laga<\/p><p><strong>Tel\u00e9fono: <\/strong><a href=\"tel:%20+34%20633%20538%20813%20\"><span class=\"elementor-icon-list-text\">+34 633 538 813 <\/span><\/a><\/p><p><strong>Email<\/strong>: <a href=\"mailto:info@toppropertiesestepona.com\"><span class=\"elementor-icon-list-text\">info@toppropertiesestepona.com<\/span><\/a><\/p><p><u><br \/>OBJETO DE LAS CONDICIONES Y DEL SITIO WEB<\/u><\/p><p>El objeto de las presentes Condiciones Generales de Uso (en adelante, las \u201cCondiciones\u201d) es regular el acceso, la navegaci\u00f3n y la utilizaci\u00f3n del Sitio Web.<\/p><p>A los efectos de las presentes Condiciones, se entender\u00e1 por Sitio Web el conjunto formado por la apariencia externa de los interfaces de pantalla, tanto en su forma est\u00e1tica como din\u00e1mica (es decir, el \u00e1rbol de navegaci\u00f3n), as\u00ed como todos los elementos integrados en dichos interfaces y en el propio \u00e1rbol de navegaci\u00f3n (en adelante, los Contenidos), y todos aquellos servicios o recursos en l\u00ednea que, en su caso, se pongan a disposici\u00f3n de los usuarios (en adelante, los Servicios).<\/p><p>El Titular se reserva el derecho a modificar, en cualquier momento y sin necesidad de previo aviso, la presentaci\u00f3n y configuraci\u00f3n del Sitio Web, as\u00ed como los Contenidos y Servicios que en \u00e9l se incluyan. El Usuario reconoce y acepta que, en cualquier momento, el Titular pueda interrumpir, desactivar o cancelar cualquiera de los elementos que integran el Sitio Web o el acceso a los mismos.<\/p><p>El acceso al Sitio Web tiene car\u00e1cter libre y, por regla general, es gratuito para los Usuarios, sin perjuicio del coste de conexi\u00f3n a trav\u00e9s de la red de telecomunicaciones que deba asumir el Usuario por parte del proveedor de acceso contratado.<\/p><p>No obstante, la utilizaci\u00f3n de determinados Contenidos o Servicios del Sitio Web podr\u00e1 estar condicionada a la suscripci\u00f3n, registro o cumplimentaci\u00f3n de formularios previos por parte del Usuario.<\/p><p><strong>El Usuario<\/strong><\/p><p>El acceso, la navegaci\u00f3n y el uso del Sitio Web confieren la condici\u00f3n de Usuario, lo que implica la aceptaci\u00f3n plena y sin reservas de todas las Condiciones aqu\u00ed establecidas, as\u00ed como de las modificaciones que puedan introducirse en el futuro. En consecuencia, se recomienda al Usuario revisar peri\u00f3dicamente las Condiciones cada vez que acceda al Sitio Web.<\/p><p>El Sitio Web del Titular puede proporcionar informaci\u00f3n, servicios y datos de diversa naturaleza. El Usuario se compromete a realizar un uso adecuado y conforme a la Ley, a la moral, al orden p\u00fablico y a las presentes Condiciones. En particular, el Usuario asume las siguientes responsabilidades:<\/p><ul><li>Utilizar la informaci\u00f3n, Contenidos y\/o Servicios ofrecidos por el Titular de manera l\u00edcita y conforme a las presentes Condiciones, sin causar perjuicio a los derechos de terceros ni al correcto funcionamiento del Sitio Web.<\/li><li>Garantizar la veracidad y licitud de los datos aportados en los formularios que se habiliten para el acceso a determinados Contenidos o Servicios.<\/li><li>Comunicar de forma inmediata al Titular cualquier hecho que permita el uso indebido de la informaci\u00f3n registrada, tales como robo, extrav\u00edo o acceso no autorizado a identificadores o contrase\u00f1as, con el fin de proceder a su cancelaci\u00f3n.<\/li><\/ul><p>El mero acceso al Sitio Web no implica el establecimiento de relaci\u00f3n comercial alguna entre el Titular y el Usuario.<\/p><p>El Usuario declara ser mayor de edad y disponer de la capacidad jur\u00eddica suficiente para vincularse por las presentes Condiciones. En consecuencia, este Sitio Web no se dirige a menores de edad, y el Titular declina cualquier responsabilidad derivada del incumplimiento de este requisito.<\/p><p><u>ACCESO Y NAVEGACI\u00d3N EN EL SITIO WEB: EXCLUSI\u00d3N DE GARANT\u00cdAS Y RESPONSABILIDAD<\/u><\/p><p>El Titular no garantiza la continuidad, disponibilidad ni la utilidad del Sitio Web, de sus Contenidos o de los Servicios que en \u00e9l se ofrecen. Si bien el Titular llevar\u00e1 a cabo todas las actuaciones necesarias para procurar el correcto funcionamiento del Sitio Web, no se responsabiliza ni garantiza que el acceso al mismo sea ininterrumpido, libre de errores o seguro.<\/p><p>Asimismo, el Titular no se hace responsable ni garantiza que el contenido o el software al que pueda accederse a trav\u00e9s de este Sitio Web est\u00e9 libre de errores o cause da\u00f1os al sistema inform\u00e1tico (hardware y software) del Usuario. En ning\u00fan caso el Titular ser\u00e1 responsable de las p\u00e9rdidas, da\u00f1os o perjuicios de cualquier naturaleza que pudieran derivarse del acceso, navegaci\u00f3n o uso del Sitio Web, incluidos \u2014de forma enunciativa y no limitativa\u2014 los ocasionados a sistemas inform\u00e1ticos o los provocados por la introducci\u00f3n de virus.<\/p><p>El Titular tampoco se hace responsable de los da\u00f1os que pudieran ocasionarse a los usuarios por un uso inadecuado del Sitio Web. En particular, no asumir\u00e1 responsabilidad alguna por ca\u00eddas, interrupciones, falta o defecto de las telecomunicaciones o por causas de fuerza mayor.<\/p><p><u>POL\u00cdTICA DE ENLACES<\/u><\/p><p>El Sitio Web del Titular puede contener, o poner a disposici\u00f3n de los Usuarios, medios de enlace tales como links, banners, botones, directorios o motores de b\u00fasqueda, que permitan acceder a sitios web gestionados por terceros. La inclusi\u00f3n de dichos enlaces tiene \u00fanicamente la finalidad de facilitar al Usuario la localizaci\u00f3n de informaci\u00f3n disponible en Internet, sin que suponga, en ning\u00fan caso, una recomendaci\u00f3n, sugerencia, invitaci\u00f3n o respaldo por parte del Titular de los contenidos, productos o servicios ofrecidos en dichos sitios.<\/p><p>El Titular no comercializa ni ofrece directa o indirectamente los productos o servicios disponibles en los sitios enlazados, ni garantiza la disponibilidad t\u00e9cnica, exactitud, veracidad, validez o legalidad de los contenidos de los mismos. Asimismo, el Titular no revisa ni controla los contenidos, servicios, productos, archivos, opiniones o cualquier otro material presente en los sitios de terceros, ni los aprueba ni hace suyos. En consecuencia, el Titular no ser\u00e1 responsable de ning\u00fan da\u00f1o o perjuicio que pueda derivarse del acceso, uso o calidad de los contenidos o servicios de dichos sitios.<\/p><p>El Usuario o tercero que establezca un hiperv\u00ednculo desde un sitio web distinto al Sitio Web del Titular deber\u00e1 tener en cuenta que:<\/p><ol><li>Prohibici\u00f3n de reproducci\u00f3n: No est\u00e1 permitida la reproducci\u00f3n total o parcial de los contenidos o servicios del Sitio Web sin la autorizaci\u00f3n expresa del Titular.<\/li><li>Prohibici\u00f3n de manifestaciones falsas: No se permite difundir informaci\u00f3n falsa, inexacta o incorrecta sobre el Sitio Web, sus contenidos o servicios.<\/li><li>Propiedad intelectual: Salvo el establecimiento del hiperv\u00ednculo, el sitio web desde el que se realice el enlace no podr\u00e1 reproducir, distribuir, modificar o explotar ning\u00fan contenido protegido por propiedad intelectual del Titular sin su consentimiento expreso.<\/li><li>No creaci\u00f3n de relaciones: La existencia del hiperv\u00ednculo no genera relaci\u00f3n alguna entre el Titular y el propietario del sitio web de origen, ni implica conocimiento, aceptaci\u00f3n o responsabilidad sobre los contenidos, servicios o actividades de dicho sitio, y viceversa.<\/li><\/ol><p><u>PROTECCI\u00d3N DE DATOS PERSONALES<\/u><\/p><p>El Titular se compromete a garantizar la privacidad y protecci\u00f3n de los datos personales de los Usuarios, conforme a lo establecido en el Reglamento (UE) 2016\/679 (RGPD) y en la Ley Org\u00e1nica 3\/2018 (LOPDGDD).<\/p><p>El acceso y utilizaci\u00f3n de determinados servicios o formularios del Sitio Web puede requerir que el Usuario facilite datos personales. En tales casos, el tratamiento de los datos se realizar\u00e1 conforme a lo previsto en la Pol\u00edtica de Privacidad del Sitio Web, la cual deber\u00e1 ser aceptada expresamente por el Usuario antes de facilitar sus datos.<\/p><p>El Titular garantizar\u00e1 en todo momento la confidencialidad, integridad y seguridad de los datos, y permitir\u00e1 al Usuario ejercer los derechos de acceso, rectificaci\u00f3n, supresi\u00f3n, oposici\u00f3n, limitaci\u00f3n del tratamiento y portabilidad seg\u00fan lo establecido en la Pol\u00edtica de Privacidad.<\/p><p>El Usuario puede consultar la Pol\u00edtica de Privacidad en cualquier momento para obtener informaci\u00f3n detallada sobre el tratamiento de sus datos personales.<\/p><p><u>COMUNICACIONES COMERCIALES POR V\u00cdA ELECTR\u00d3NICA<\/u><\/p><p>El Titular no remite comunicaciones comerciales por v\u00eda electr\u00f3nica sin identificarlas como tales conforme a lo dispuesto en la Ley 34\/2002 de Servicios de la Sociedad de la Informaci\u00f3n y de comercio electr\u00f3nico. En caso de remitirle este tipo de comunicaciones se realizar\u00e1 con el consentimiento expreso que nos hubiera otorgado.<\/p><p>El Usuario puede oponerse al tratamiento de sus datos con fines promocionales mediante el env\u00edo de un correo electr\u00f3nico a la direcci\u00f3n indicada en el punto 1 quedando revocado su consentimiento, en cualquier momento, simplemente notificando su voluntad de revocarlo. No ser\u00e1 considerado como comunicaci\u00f3n comercial la informaci\u00f3n que se env\u00ede cuya finalidad sea la del mantenimiento de la relaci\u00f3n contractual existente entre el Usuario y el Titular; as\u00ed como el desempe\u00f1o de tareas de informaci\u00f3n y otras actividades propias del servicio que el Usuario pudiera contratar con la empresa.<\/p><p><u>PROPIEDAD INTELECTUAL E INDUSTRIAL<\/u><\/p><p>El Titular, por s\u00ed o como cesionario, ostenta todos los derechos de propiedad intelectual e industrial del Sitio Web, as\u00ed como de todos los elementos que lo integran (a t\u00edtulo enunciativo y no limitativo: im\u00e1genes, sonido, audio, v\u00eddeo, software, textos, marcas o logotipos, combinaciones de colores, estructura y dise\u00f1o, selecci\u00f3n de materiales utilizados, programas de ordenador necesarios para su funcionamiento, acceso y uso, etc.).<\/p><p>Dichos contenidos est\u00e1n protegidos como propiedad intelectual por la legislaci\u00f3n espa\u00f1ola y por la normativa comunitaria e internacional aplicable, en particular por la Ley de Propiedad Intelectual y dem\u00e1s normativa concordante.\u00a0<\/p><p><strong>Todos los derechos reservados.<\/strong> En virtud de lo dispuesto en la legislaci\u00f3n vigente, queda expresamente prohibida la reproducci\u00f3n, distribuci\u00f3n, comunicaci\u00f3n p\u00fablica \u2014incluida la modalidad de puesta a disposici\u00f3n\u2014 y transformaci\u00f3n total o parcial de los contenidos de este sitio web, con fines comerciales, en cualquier soporte y por cualquier medio t\u00e9cnico, sin la autorizaci\u00f3n previa y expresa del Titular.<\/p><p>El Usuario se compromete a respetar los derechos de propiedad intelectual e industrial del Titular. Podr\u00e1 visualizar, imprimir, copiar o almacenar los elementos del sitio web \u00fanicamente para su uso personal y privado, quedando prohibida su utilizaci\u00f3n con fines comerciales o il\u00edcitos. Asimismo, el Usuario no podr\u00e1 suprimir, alterar o manipular cualquier dispositivo de protecci\u00f3n o sistema de seguridad instalado en el Sitio Web.<\/p><p>En caso de que el Usuario o un tercero considere que alguno de los contenidos del Sitio Web vulnera derechos de propiedad intelectual o industrial, deber\u00e1 notificarlo al Titular a trav\u00e9s de los datos de contacto indicados en el apartado <strong>\u201cInformaci\u00f3n General\u201d<\/strong> de este Aviso Legal.<\/p><p><u>ACCIONES LEGALES, LEGISLACI\u00d3N APLICABLE Y JURISDICCI\u00d3N<\/u><\/p><p>El Titular se reserva la facultad de presentar las acciones civiles o penales que considere oportunas por la utilizaci\u00f3n indebida del Sitio Web, de sus contenidos, o por el incumplimiento de las presentes Condiciones.<\/p><p>La relaci\u00f3n entre el Usuario y el Titular se regir\u00e1 por la normativa vigente y de aplicaci\u00f3n en el territorio espa\u00f1ol, incluyendo, de forma enunciativa, la Ley 34\/2002 de Servicios de la Sociedad de la Informaci\u00f3n y Comercio Electr\u00f3nico (LSSI-CE), el Reglamento Europeo 2016\/679 (RGPD), la Ley Org\u00e1nica 3\/2018 de Protecci\u00f3n de Datos y garant\u00eda de los derechos digitales (LOPDGDD) y la Ley de Propiedad Intelectual.<\/p><p>Ante cualquier controversia o conflicto que pudiera derivarse del acceso o uso del Sitio Web, las partes se someter\u00e1n a la jurisdicci\u00f3n ordinaria correspondiente conforme a la legislaci\u00f3n vigente, renunciando expresamente a cualquier otro fuero que pudiera corresponderles.<\/p>\t\t\t\t\t\t\t\t<\/div>\n\t\t\t\t<\/div>\n\t\t\t\t\t<\/div>\n\t\t\t\t<\/div>\n\t\t\t\t<\/div>","protected":false},"excerpt":{"rendered":"<p>AVISO LEGAL INFORMACI\u00d3N GENERAL En cumplimiento con el deber de informaci\u00f3n dispuesto en la Ley 34\/2002 de Servicios de la Sociedad de la Informaci\u00f3n y el Comercio Electr\u00f3nico (LSSI-CE) de 11 de julio, se facilitan a continuaci\u00f3n los siguientes datos de informaci\u00f3n general de este sitio web: Identidad: Top Properties Estepona (Redline Solution SLU) con&#8230;<a href=\"https:\/\/toppropertiesestepona.com\/es\/aviso-legal\/\" class=\"epl-more-link\">Read More&rarr;<\/a><\/p>","protected":false},"author":1,"featured_media":0,"parent":0,"menu_order":0,"comment_status":"closed","ping_status":"closed","template":"elementor_header_footer","meta":{"_acf_changed":false,"content-type":"","footnotes":""},"class_list":["post-3528","page","type-page","status-publish","hentry"],"acf":[],"_links":{"self":[{"href":"https:\/\/toppropertiesestepona.com\/es\/wp-json\/wp\/v2\/pages\/3528","targetHints":{"allow":["GET"]}}],"collection":[{"href":"https:\/\/toppropertiesestepona.com\/es\/wp-json\/wp\/v2\/pages"}],"about":[{"href":"https:\/\/toppropertiesestepona.com\/es\/wp-json\/wp\/v2\/types\/page"}],"author":[{"embeddable":true,"href":"https:\/\/toppropertiesestepona.com\/es\/wp-json\/wp\/v2\/users\/1"}],"replies":[{"embeddable":true,"href":"https:\/\/toppropertiesestepona.com\/es\/wp-json\/wp\/v2\/comments?post=3528"}],"version-history":[{"count":16,"href":"https:\/\/toppropertiesestepona.com\/es\/wp-json\/wp\/v2\/pages\/3528\/revisions"}],"predecessor-version":[{"id":3880,"href":"https:\/\/toppropertiesestepona.com\/es\/wp-json\/wp\/v2\/pages\/3528\/revisions\/3880"}],"wp:attachment":[{"href":"https:\/\/toppropertiesestepona.com\/es\/wp-json\/wp\/v2\/media?parent=3528"}],"curies":[{"name":"wp","href":"https:\/\/api.w.org\/{rel}","templated":true}]}}