{"id":3537,"date":"2025-11-05T13:30:13","date_gmt":"2025-11-05T13:30:13","guid":{"rendered":"https:\/\/toppropertiesestepona.com\/?page_id=3537"},"modified":"2025-11-24T12:03:37","modified_gmt":"2025-11-24T12:03:37","slug":"politica-de-privacidad","status":"publish","type":"page","link":"https:\/\/toppropertiesestepona.com\/es\/politica-de-privacidad\/","title":{"rendered":"POL\u00cdTICA DE PRIVACIDAD"},"content":{"rendered":"<div data-elementor-type=\"wp-page\" data-elementor-id=\"3537\" class=\"elementor elementor-3537\" data-elementor-post-type=\"page\">\n\t\t\t\t<div class=\"elementor-element elementor-element-c8d5bbd e-flex e-con-boxed e-con e-parent\" data-id=\"c8d5bbd\" data-element_type=\"container\" data-e-type=\"container\">\n\t\t\t\t\t<div class=\"e-con-inner\">\n\t\t\t\t<div class=\"elementor-element elementor-element-6b174b3 elementor-widget elementor-widget-heading\" data-id=\"6b174b3\" data-element_type=\"widget\" data-e-type=\"widget\" data-widget_type=\"heading.default\">\n\t\t\t\t<div class=\"elementor-widget-container\">\n\t\t\t\t\t<h1 class=\"elementor-heading-title elementor-size-default\">POL\u00cdTICA DE PRIVACIDAD<\/h1>\t\t\t\t<\/div>\n\t\t\t\t<\/div>\n\t\t\t\t<div class=\"elementor-element elementor-element-d424cde elementor-widget elementor-widget-text-editor\" data-id=\"d424cde\" data-element_type=\"widget\" data-e-type=\"widget\" data-widget_type=\"text-editor.default\">\n\t\t\t\t<div class=\"elementor-widget-container\">\n\t\t\t\t\t\t\t\t\t<p>En cumplimiento de lo dispuesto en el Reglamento General de Protecci\u00f3n de Datos 2016\/679 (RGPD) y la Ley Org\u00e1nica 3\/2018 de Protecci\u00f3n de Datos y Garant\u00eda de los Derechos Digitales (LOPDGDD) de 5 diciembre de 2018, informamos:<\/p><p><u>RESPONSABLE DEL TRATAMIENTO <\/u><\/p><p><strong>Identidad:<\/strong> Top Properties Estepona (Redline Solution SLU) con CIF B92578020 en adelante \u201cel Titular\u201d<\/p><p><strong>Direcci\u00f3n:<\/strong> Centro Comercial Picasso N\u00ba 9 Ctra. N-340, Km. 168; 29688; Estepona &#8211; M\u00e1laga<\/p><p><strong>Tel\u00e9fono: <\/strong><a href=\"tel:%20+34%20633%20538%20813%20\"><span class=\"elementor-icon-list-text\">+34 633 538 813 <\/span><\/a><\/p><p><strong>Email<\/strong>: <a href=\"mailto:info@toppropertiesestepona.com\">info@toppropertiesestepona.com<\/a><\/p><p><u>FINALIDAD DEL TRATAMIENTO DE LOS DATOS.<\/u><\/p><p>Le informamos que los datos que nos facilite se tratan con las siguientes finalidades:<\/p><p>&#8211;\u00a0 Atender y responder las solicitudes de contacto, peticiones de informaci\u00f3n y\/o consultas recibidas, a trav\u00e9s del formulario de contacto web u otras funcionalidades ofrecidas en el sitio web.<\/p><p>&#8211;\u00a0 Enviar de informaci\u00f3n comercial sobre nuestros productos, ofertas y\/o promociones que puedan ser del inter\u00e9s del usuario<\/p><p>&#8211;\u00a0 As\u00ed como facilitar, agilizar y cumplir los compromisos establecidos entre el Titular y el usuario y el mantenimiento de la relaci\u00f3n que se establezca.<\/p><p>De conformidad con lo previsto en el RGPD se mantiene un registro de actividades de tratamiento que especifica, seg\u00fan sus finalidades, las actividades de tratamiento llevadas a cabo y las dem\u00e1s circunstancias establecidas en el RGPD.<\/p><p>La informaci\u00f3n personal no ser\u00e1 utilizada para otros fines que los relacionados con los servicios contratados o productos adquiridos. No se tomar\u00e1n decisiones automatizadas en base a dicho perfil.<\/p><p><u>LEGITIMACI\u00d3N PARA EL TRATAMIENTO DE DATOS<\/u><\/p><p>La base legal para el tratamiento realizado est\u00e1 basada en:<\/p><ul><li>El consentimiento otorgado mediante la marcaci\u00f3n de la\/s casilla\/s correspondiente\/s.<\/li><li>La ejecuci\u00f3n de un contrato y\/o servicio en el que el Usuario es parte y por tanto ha aportado sus datos personales en el marco de una relaci\u00f3n contractual o precontractual para la atenci\u00f3n de su solicitud y\/o consulta, siendo el tratamiento necesario para el mantenimiento de dicha relaci\u00f3n.<\/li><li>Las obligaciones legales aplicables al Titular que requieren del tratamiento de los datos personales de acuerdo con los servicios prestados o aquellas relacionadas con cuestiones tributarias, cumpliendo lo establecido en la normativa que resulte aplicable (mercantil, fiscal, tributaria, blanqueo de capitales).<\/li><\/ul><p><u>DATOS PERSONALES QUE SE TRATAN Y PROCEDENCIA<\/u><\/p><p>Dependiendo del uso que realiza el usuario de la p\u00e1gina web, los datos personales que tratamos son: datos de car\u00e1cter identificativo, datos de contacto y datos de navegaci\u00f3n.<\/p><p>Los datos recogidos se facilitan por el propio usuario, al ponerse en contacto con el Titular, mediante la cumplimentaci\u00f3n de formulario\/s correspondiente\/s u otras funcionalidades ofrecidas en el sitio web.<\/p><p>El uso de los apartados de contacto, cumplimentaci\u00f3n de formularios y\/o funcionalidades ofrecidas en el sitio web es voluntario. No obstante, la cumplimentaci\u00f3n de determinados campos del formulario o su facilitaci\u00f3n mediante el uso de otras funcionalidades resultan necesarios para atender y gestionar correctamente su solicitud, por lo que la negativa del Usuario a facilitar la informaci\u00f3n requerida impedir\u00e1 al Titular atenderla y gestionarla correctamente.<\/p><p>El Usuario garantiza que los datos que nos facilita son veraces, exactos y completos. Se cancelar\u00e1n, borrar\u00e1n o bloquear\u00e1n los datos cuando resulten inexactos, incompletos o hayan dejado de ser necesarios o pertinentes para su finalidad conforme a la legislaci\u00f3n vigente. Si los datos personales aportados son de un tercero, el Usuario garantiza que le ha informado de la Pol\u00edtica de Privacidad y ha obtenido su autorizaci\u00f3n para facilitar sus datos con las finalidades antes se\u00f1aladas. Igualmente garantiza que los datos aportados son exactos y actualizados, siendo responsable de cualquier da\u00f1o o perjuicio, directo o indirecto, que pudiera ocasionarse como consecuencia del incumplimiento de tal obligaci\u00f3n. El Usuario se compromete y responsabiliza de la veracidad y correcci\u00f3n de los datos que nos facilita, comprometi\u00e9ndose a mantenerlos debidamente actualizados.<\/p><p><u>POL\u00cdTICA DE ENLACES Y REDES SOCIALES<\/u><\/p><p>El sitio web puede incluir enlaces o links a sitios de terceros como redes sociales en los que el Titular est\u00e1 presente. Las antedichas webs de terceros no han sido revisadas ni son objeto de controles sobre los mismos por la propia web ni por su titular, quien no se har\u00e1 responsable de los contenidos que libremente ha publicado el usuario. El usuario debe tener presente que sus publicaciones ser\u00e1n conocidas por los otros usuarios, por lo que \u00e9l mismo es el principal responsable de su privacidad.<\/p><p><u>PLAZOS DE CONSERVACI\u00d3N DE LOS DATOS PERSONALES.<\/u><\/p><p>Los datos personales proporcionados por el Usuario se conservar\u00e1n mientras permanezca dado de alta en el servicio, mientras se mantenga la relaci\u00f3n negocial, mientras el Usuario no solicite su supresi\u00f3n, o durante el plazo legal establecido. As\u00ed mismo podr\u00e1n conservarse cuando sean necesarios para el cumplimiento de una obligaci\u00f3n legal o para la formulaci\u00f3n, el ejercicio y la defensa de reclamaciones.<\/p><p>Si el Usuario retira su consentimiento o ejercita los derechos de oposici\u00f3n o supresi\u00f3n, sus datos se conservar\u00e1n bloqueados a disposici\u00f3n de la Administraci\u00f3n de Justicia durante los plazos establecidos legalmente para atender a las posibles responsabilidades nacidas del tratamiento de los datos personales. En ning\u00fan caso condicionar\u00e1 la prestaci\u00f3n del servicio, y\/o la ejecuci\u00f3n de contratos con el Titular.<\/p><p>La retirada del consentimiento no afectar\u00e1 a la licitud del tratamiento basada en el consentimiento previo a su retirada.<\/p><p><u>SECRETO Y SEGURIDAD DE LOS DATOS PERSONALES<\/u><\/p><p>El Titular se compromete a adoptar las medidas t\u00e9cnicas y organizativas necesarias, seg\u00fan el nivel de seguridad adecuado al riesgo de los datos recogidos, de forma que se garantice la seguridad de los datos de car\u00e1cter personal y se evite la destrucci\u00f3n, p\u00e9rdida o alteraci\u00f3n accidental o il\u00edcita de datos personales transmitidos, conservados o tratados de otra forma, o la comunicaci\u00f3n o acceso no autorizados a dichos datos.<\/p><p>Los datos personales ser\u00e1n tratados como confidenciales por el Titular, quien se compromete a informar y a garantizar por medio de una obligaci\u00f3n legal o contractual que dicha confidencialidad sea respetada por sus empleados, asociados, y toda persona a la cual le haga accesible la informaci\u00f3n.<\/p><p><u>CESIONES Y DESTINATARIOS DE LOS DATOS PERSONALES<\/u><\/p><p>Sus datos personales podr\u00e1n ser cedidos a terceros en aquellos casos en que as\u00ed lo exija expresamente la legislaci\u00f3n aplicable, as\u00ed como cuando la cesi\u00f3n resulte necesaria para el cumplimiento de obligaciones legales exigibles al Titular o para prestar servicios estrictamente necesarios para el desarrollo de la actividad, como por ejemplo entidades bancarias y pasarelas de pago.<\/p><p>Algunos proveedores de servicios act\u00faan como encargados del tratamiento, con quienes el Titular ha suscrito los correspondientes contratos conforme al art\u00edculo 28 del RGPD, garantizando en todo momento la seguridad y confidencialidad de la informaci\u00f3n.<\/p><p>En algunos casos, dichos proveedores o terceros pueden estar ubicados fuera del Espacio Econ\u00f3mico Europeo (EEE), lo que podr\u00eda implicar una transferencia internacional de datos personales.<\/p><p>En tales casos, el Titular se asegurar\u00e1 de que los destinatarios ofrezcan garant\u00edas suficientes para la protecci\u00f3n de los datos personales, conforme a lo establecido en el Reglamento (UE) 2016\/679 (RGPD).<\/p><p><u>DERECHOS DE LOS USUARIOS.<\/u><\/p><p>\u00bfCu\u00e1les son sus derechos cuando nos facilita sus datos?<\/p><p>El Usuario tiene derecho a obtener confirmaci\u00f3n sobre si estamos tratando datos personales que les conciernan, o no. El Usuario tiene derecho a <strong>acceder<\/strong> a sus datos personales, as\u00ed como a solicitar la <strong>rectificaci\u00f3n<\/strong> de los datos inexactos o, en su caso, solicitar su <strong>supresi\u00f3n<\/strong> cuando, entre otros motivos, los datos ya no sean necesarios para los fines que fueron recogidos. En determinadas circunstancias, el Usuario podr\u00e1 solicitar la <strong>limitaci\u00f3n<\/strong> del tratamiento de sus datos, en cuyo caso \u00fanicamente los conservaremos para el ejercicio o la defensa de reclamaciones. En determinadas circunstancias y por motivos relacionados con su situaci\u00f3n particular, el Usuario podr\u00e1 <strong>oponerse<\/strong> al tratamiento de sus datos, por lo que el responsable del tratamiento dejar\u00e1 de tratar los datos, salvo por motivos leg\u00edtimos imperiosos, o el ejercicio o la defensa de posibles reclamaciones. En aquellos supuestos en los que legalmente proceda, tendr\u00e1 el derecho a la <strong>portabilidad<\/strong> de los datos, lo que implica que tiene derecho a recibir los datos personales relativos a su persona que estemos tratando y almacenarlos en un dispositivo propio.<\/p><p>Puede ejercitar ante el Titular, en caso de que resulten de aplicaci\u00f3n, los derechos de acceso, rectificaci\u00f3n, oposici\u00f3n, supresi\u00f3n, limitaci\u00f3n del tratamiento, portabilidad y a oponerse a ser objeto de decisiones individuales automatizadas mediante comunicaci\u00f3n escrita acompa\u00f1ada de fotocopia del D.N.I. para acreditar su identidad, con la referencia \u201cDerechos RGPD\u201d dirigida a la direcci\u00f3n de correo electr\u00f3nico <a href=\"mailto:info@toppropertiesestepona.com\">info@toppropertiesestepona.com<\/a><\/p><p>Igualmente, le informamos que puede dirigir cualquier tipo de reclamaci\u00f3n en materia de protecci\u00f3n de datos personales a la Agencia Espa\u00f1ola de Protecci\u00f3n de Datos <a href=\"http:\/\/www.agpd.es\" target=\"_blank\" rel=\"noopener\">www.agpd.es<\/a>, Autoridad de Control de Espa\u00f1a.<\/p>\t\t\t\t\t\t\t\t<\/div>\n\t\t\t\t<\/div>\n\t\t\t\t\t<\/div>\n\t\t\t\t<\/div>\n\t\t\t\t<\/div>","protected":false},"excerpt":{"rendered":"<p>POL\u00cdTICA DE PRIVACIDAD En cumplimiento de lo dispuesto en el Reglamento General de Protecci\u00f3n de Datos 2016\/679 (RGPD) y la Ley Org\u00e1nica 3\/2018 de Protecci\u00f3n de Datos y Garant\u00eda de los Derechos Digitales (LOPDGDD) de 5 diciembre de 2018, informamos: RESPONSABLE DEL TRATAMIENTO Identidad: Top Properties Estepona (Redline Solution SLU) con CIF B92578020 en adelante&#8230;<a href=\"https:\/\/toppropertiesestepona.com\/es\/politica-de-privacidad\/\" class=\"epl-more-link\">Read More&rarr;<\/a><\/p>","protected":false},"author":1,"featured_media":0,"parent":0,"menu_order":0,"comment_status":"closed","ping_status":"closed","template":"elementor_header_footer","meta":{"_acf_changed":false,"content-type":"","footnotes":""},"class_list":["post-3537","page","type-page","status-publish","hentry"],"acf":[],"_links":{"self":[{"href":"https:\/\/toppropertiesestepona.com\/es\/wp-json\/wp\/v2\/pages\/3537","targetHints":{"allow":["GET"]}}],"collection":[{"href":"https:\/\/toppropertiesestepona.com\/es\/wp-json\/wp\/v2\/pages"}],"about":[{"href":"https:\/\/toppropertiesestepona.com\/es\/wp-json\/wp\/v2\/types\/page"}],"author":[{"embeddable":true,"href":"https:\/\/toppropertiesestepona.com\/es\/wp-json\/wp\/v2\/users\/1"}],"replies":[{"embeddable":true,"href":"https:\/\/toppropertiesestepona.com\/es\/wp-json\/wp\/v2\/comments?post=3537"}],"version-history":[{"count":10,"href":"https:\/\/toppropertiesestepona.com\/es\/wp-json\/wp\/v2\/pages\/3537\/revisions"}],"predecessor-version":[{"id":3883,"href":"https:\/\/toppropertiesestepona.com\/es\/wp-json\/wp\/v2\/pages\/3537\/revisions\/3883"}],"wp:attachment":[{"href":"https:\/\/toppropertiesestepona.com\/es\/wp-json\/wp\/v2\/media?parent=3537"}],"curies":[{"name":"wp","href":"https:\/\/api.w.org\/{rel}","templated":true}]}}