{"id":597,"date":"2025-10-03T10:07:55","date_gmt":"2025-10-03T09:07:55","guid":{"rendered":"https:\/\/toppropertiesestepona.com\/?page_id=597"},"modified":"2026-04-15T15:49:16","modified_gmt":"2026-04-15T14:49:16","slug":"casares","status":"publish","type":"page","link":"https:\/\/toppropertiesestepona.com\/es\/casares\/","title":{"rendered":"Casares"},"content":{"rendered":"\t\t<div data-elementor-type=\"wp-page\" data-elementor-id=\"597\" class=\"elementor elementor-597\" data-elementor-post-type=\"page\">\n\t\t\t\t<div class=\"elementor-element elementor-element-2fd5da7 e-flex e-con-boxed e-con e-parent\" data-id=\"2fd5da7\" data-element_type=\"container\" data-e-type=\"container\" data-settings=\"{&quot;background_background&quot;:&quot;classic&quot;}\">\n\t\t\t\t\t<div class=\"e-con-inner\">\n\t\t\t\t<div class=\"elementor-element elementor-element-93ee7d0 elementor-invisible elementor-widget elementor-widget-heading\" data-id=\"93ee7d0\" data-element_type=\"widget\" data-e-type=\"widget\" data-settings=\"{&quot;_animation&quot;:&quot;fadeInDown&quot;}\" data-widget_type=\"heading.default\">\n\t\t\t\t<div class=\"elementor-widget-container\">\n\t\t\t\t\t<h1 class=\"elementor-heading-title elementor-size-default\">About Casares<\/h1>\t\t\t\t<\/div>\n\t\t\t\t<\/div>\n\t\t\t\t\t<\/div>\n\t\t\t\t<\/div>\n\t\t<div class=\"elementor-element elementor-element-474e8a1 e-flex e-con-boxed e-con e-parent\" data-id=\"474e8a1\" data-element_type=\"container\" data-e-type=\"container\" data-settings=\"{&quot;background_background&quot;:&quot;classic&quot;}\">\n\t\t\t\t\t<div class=\"e-con-inner\">\n\t\t\t\t<div class=\"elementor-element elementor-element-e223cff elementor-widget elementor-widget-image\" data-id=\"e223cff\" data-element_type=\"widget\" data-e-type=\"widget\" data-widget_type=\"image.default\">\n\t\t\t\t<div class=\"elementor-widget-container\">\n\t\t\t\t\t\t\t\t\t\t\t\t\t\t\t<img fetchpriority=\"high\" decoding=\"async\" width=\"794\" height=\"133\" src=\"https:\/\/toppropertiesestepona.com\/wp-content\/uploads\/2025\/10\/Casares-icon.svg\" class=\"attachment-full size-full wp-image-1155\" alt=\"\" \/>\t\t\t\t\t\t\t\t\t\t\t\t\t\t\t<\/div>\n\t\t\t\t<\/div>\n\t\t\t\t<div class=\"elementor-element elementor-element-92d6e1d elementor-widget__width-initial elementor-widget elementor-widget-heading\" data-id=\"92d6e1d\" data-element_type=\"widget\" data-e-type=\"widget\" data-widget_type=\"heading.default\">\n\t\t\t\t<div class=\"elementor-widget-container\">\n\t\t\t\t\t<h2 class=\"elementor-heading-title elementor-size-default\">Why investors want to buy Casares Property<\/h2>\t\t\t\t<\/div>\n\t\t\t\t<\/div>\n\t\t\t\t<div class=\"elementor-element elementor-element-ae660ff elementor-widget__width-initial elementor-widget elementor-widget-text-editor\" data-id=\"ae660ff\" data-element_type=\"widget\" data-e-type=\"widget\" data-widget_type=\"text-editor.default\">\n\t\t\t\t<div class=\"elementor-widget-container\">\n\t\t\t\t\t\t\t\t\t<p>Nestled between Estepona \u2018the garden of Andaluc\u00eda\u2019 and Manilva on the most westerly tip of the Costa del Sol, Casares is one of the least well-known destinations on Spain\u2019s Mediterranean coast. Casares Municipality spans 160 square kilometres and has two distinct areas: the hillside village of Casares Pueblo, a charming inland white washed village located 435 metres above sea level, and Casares Costa with its fantastic Blue Flag Beaches.\u00a0<\/p>\t\t\t\t\t\t\t\t<\/div>\n\t\t\t\t<\/div>\n\t\t\t\t<div class=\"elementor-element elementor-element-0e6c0bc elementor-align-justify elementor-widget__width-auto elementor-widget elementor-widget-button\" data-id=\"0e6c0bc\" data-element_type=\"widget\" data-e-type=\"widget\" data-widget_type=\"button.default\">\n\t\t\t\t<div class=\"elementor-widget-container\">\n\t\t\t\t\t\t\t\t\t<div class=\"elementor-button-wrapper\">\n\t\t\t\t\t<a class=\"elementor-button elementor-button-link elementor-size-sm elementor-animation-hang\" href=\"https:\/\/toppropertiesestepona.com\/location\/casares\/\">\n\t\t\t\t\t\t<span class=\"elementor-button-content-wrapper\">\n\t\t\t\t\t\t\t\t\t<span class=\"elementor-button-text\">View properties in Casares<\/span>\n\t\t\t\t\t<\/span>\n\t\t\t\t\t<\/a>\n\t\t\t\t<\/div>\n\t\t\t\t\t\t\t\t<\/div>\n\t\t\t\t<\/div>\n\t\t\t\t\t<\/div>\n\t\t\t\t<\/div>\n\t\t<div class=\"elementor-element elementor-element-31031c9 e-flex e-con-boxed e-con e-parent\" data-id=\"31031c9\" data-element_type=\"container\" data-e-type=\"container\">\n\t\t\t\t\t<div class=\"e-con-inner\">\n\t\t<div class=\"elementor-element elementor-element-cfefca8 e-con-full e-flex e-con e-child\" data-id=\"cfefca8\" data-element_type=\"container\" data-e-type=\"container\">\n\t\t\t\t<div class=\"elementor-element elementor-element-ebcfab5 elementor-widget elementor-widget-heading\" data-id=\"ebcfab5\" data-element_type=\"widget\" data-e-type=\"widget\" data-widget_type=\"heading.default\">\n\t\t\t\t<div class=\"elementor-widget-container\">\n\t\t\t\t\t<h2 class=\"elementor-heading-title elementor-size-default\">About Casares<\/h2>\t\t\t\t<\/div>\n\t\t\t\t<\/div>\n\t\t\t\t<div class=\"elementor-element elementor-element-60cef9a elementor-widget__width-initial elementor-widget elementor-widget-text-editor\" data-id=\"60cef9a\" data-element_type=\"widget\" data-e-type=\"widget\" data-widget_type=\"text-editor.default\">\n\t\t\t\t<div class=\"elementor-widget-container\">\n\t\t\t\t\t\t\t\t\t<p>The beautiful whitewashed village has a population of only 3,000 people, which makes it all the more surprising that there is such a relatively large choice of restaurants. In addition to the unexpected gastronomic opportunities, the village is also revered amongst locals as the birth place of the father of Andaluc\u00eda, Blas Infante, and dating further back in time, there is a fully functioning Roman sulphur bath.<br \/><br \/>Although only a short 20-minute drive from beaches of Casares Costa, you could be mistaken for thinking it is an a completely different universe, as the pueblo is surround by untouched countryside, which is ripe for exploring. taking in the pure fresh air and panoramic views.<\/p><p>If you head towards the coast, you\u2019ll come across Casares Costa\u2019s fantastic Blue Flag beaches; Playa Chica, Piedra Paloma and Playa Ancha. Here you can try the delicious fresh seafood served in the chiringuitos dotted along the beach, there is also a small selection of international restaurants and bars.<\/p>\t\t\t\t\t\t\t\t<\/div>\n\t\t\t\t<\/div>\n\t\t\t\t<\/div>\n\t\t<div class=\"elementor-element elementor-element-4969f39 e-con-full e-flex e-con e-child\" data-id=\"4969f39\" data-element_type=\"container\" data-e-type=\"container\">\n\t\t\t\t<div class=\"elementor-element elementor-element-0089d94 elementor-widget elementor-widget-image\" data-id=\"0089d94\" data-element_type=\"widget\" data-e-type=\"widget\" data-widget_type=\"image.default\">\n\t\t\t\t<div class=\"elementor-widget-container\">\n\t\t\t\t\t\t\t\t\t\t\t\t\t\t\t<img decoding=\"async\" width=\"2000\" height=\"1333\" src=\"https:\/\/toppropertiesestepona.com\/wp-content\/uploads\/2025\/10\/casares-2.webp\" class=\"attachment-full size-full wp-image-1150\" alt=\"\" srcset=\"https:\/\/toppropertiesestepona.com\/wp-content\/uploads\/2025\/10\/casares-2.webp 2000w, https:\/\/toppropertiesestepona.com\/wp-content\/uploads\/2025\/10\/casares-2-300x200.webp 300w, https:\/\/toppropertiesestepona.com\/wp-content\/uploads\/2025\/10\/casares-2-1024x682.webp 1024w, https:\/\/toppropertiesestepona.com\/wp-content\/uploads\/2025\/10\/casares-2-768x512.webp 768w, https:\/\/toppropertiesestepona.com\/wp-content\/uploads\/2025\/10\/casares-2-1536x1024.webp 1536w, https:\/\/toppropertiesestepona.com\/wp-content\/uploads\/2025\/10\/casares-2-18x12.webp 18w\" sizes=\"(max-width: 2000px) 100vw, 2000px\" \/>\t\t\t\t\t\t\t\t\t\t\t\t\t\t\t<\/div>\n\t\t\t\t<\/div>\n\t\t\t\t<\/div>\n\t\t\t\t\t<\/div>\n\t\t\t\t<\/div>\n\t\t<div class=\"elementor-element elementor-element-645d1a5 e-flex e-con-boxed e-con e-parent\" data-id=\"645d1a5\" data-element_type=\"container\" data-e-type=\"container\">\n\t\t\t\t\t<div class=\"e-con-inner\">\n\t\t<div class=\"elementor-element elementor-element-e19e2a0 e-con-full e-flex e-con e-child\" data-id=\"e19e2a0\" data-element_type=\"container\" data-e-type=\"container\">\n\t\t\t\t<div class=\"elementor-element elementor-element-14260e6 elementor-widget elementor-widget-image\" data-id=\"14260e6\" data-element_type=\"widget\" data-e-type=\"widget\" data-widget_type=\"image.default\">\n\t\t\t\t<div class=\"elementor-widget-container\">\n\t\t\t\t\t\t\t\t\t\t\t\t\t\t\t<img decoding=\"async\" width=\"2000\" height=\"1334\" src=\"https:\/\/toppropertiesestepona.com\/wp-content\/uploads\/2025\/10\/casares-3.webp\" class=\"attachment-full size-full wp-image-1149\" alt=\"\" srcset=\"https:\/\/toppropertiesestepona.com\/wp-content\/uploads\/2025\/10\/casares-3.webp 2000w, https:\/\/toppropertiesestepona.com\/wp-content\/uploads\/2025\/10\/casares-3-300x200.webp 300w, https:\/\/toppropertiesestepona.com\/wp-content\/uploads\/2025\/10\/casares-3-1024x683.webp 1024w, https:\/\/toppropertiesestepona.com\/wp-content\/uploads\/2025\/10\/casares-3-768x512.webp 768w, https:\/\/toppropertiesestepona.com\/wp-content\/uploads\/2025\/10\/casares-3-1536x1025.webp 1536w, https:\/\/toppropertiesestepona.com\/wp-content\/uploads\/2025\/10\/casares-3-18x12.webp 18w\" sizes=\"(max-width: 2000px) 100vw, 2000px\" \/>\t\t\t\t\t\t\t\t\t\t\t\t\t\t\t<\/div>\n\t\t\t\t<\/div>\n\t\t\t\t<\/div>\n\t\t<div class=\"elementor-element elementor-element-4491b13 e-con-full e-flex e-con e-child\" data-id=\"4491b13\" data-element_type=\"container\" data-e-type=\"container\">\n\t\t\t\t<div class=\"elementor-element elementor-element-6d124d9 elementor-widget elementor-widget-heading\" data-id=\"6d124d9\" data-element_type=\"widget\" data-e-type=\"widget\" data-widget_type=\"heading.default\">\n\t\t\t\t<div class=\"elementor-widget-container\">\n\t\t\t\t\t<h2 class=\"elementor-heading-title elementor-size-default\">Casares golf properties<\/h2>\t\t\t\t<\/div>\n\t\t\t\t<\/div>\n\t\t\t\t<div class=\"elementor-element elementor-element-cda3604 elementor-widget__width-initial elementor-widget elementor-widget-text-editor\" data-id=\"cda3604\" data-element_type=\"widget\" data-e-type=\"widget\" data-widget_type=\"text-editor.default\">\n\t\t\t\t<div class=\"elementor-widget-container\">\n\t\t\t\t\t\t\t\t\t<p>There is no shortage of golf courses in and around Casares. The original golf courses in Casares; <span style=\"text-decoration: underline; color: #000000;\"><a style=\"color: #000000; text-decoration: underline;\" href=\"https:\/\/www.donajuliagolf.es\/publications\/\" target=\"_blank\" rel=\"noopener\">Do\u00f1a Julia Golf<\/a><\/span> and <span style=\"text-decoration: underline; color: #000000;\"><a style=\"color: #000000; text-decoration: underline;\" href=\"https:\/\/www.casarescostagolf.com\/\" target=\"_blank\" rel=\"noopener\">Casares Costa Golf<\/a><\/span> opened in 2005 and 2008 respectively, are still favourites amongst international golfers on the Costa del Sol looking for affordable golf properties.<\/p><p>However, it is,\u00a0Finca Cortes\u00edn\u00a0that has the highest profile and hosted the World Match Play Golf Championship in 2009, 2011 and 2012 and the Solheim Cup in 2023. If you don\u2019t fancy a round of golf, there is also the option treating yourself to one of the many wellness and beauty treatments at the resort\u2019s spa or enjoying a meal in one of the hotels superb restaurants and bars. <span style=\"text-decoration: underline; color: #000000;\"><a style=\"color: #000000;\" href=\"https:\/\/www.fincacortesin.com\/exception\/info\" target=\"_blank\" rel=\"noopener\">Finca Cortesin.<\/a><\/span><\/p><p>Casares is ideally located, just 60 minutes from M\u00e1laga international airport (20 minutes from Gibraltar), also offers easy access to Marbella and Puerto Ban\u00fas, both of which can be reached in under 30 minutes. \u00a0\u00a0\u00a0<\/p>\t\t\t\t\t\t\t\t<\/div>\n\t\t\t\t<\/div>\n\t\t\t\t<div class=\"elementor-element elementor-element-3116b4b elementor-align-justify elementor-widget__width-auto elementor-widget elementor-widget-button\" data-id=\"3116b4b\" data-element_type=\"widget\" data-e-type=\"widget\" data-widget_type=\"button.default\">\n\t\t\t\t<div class=\"elementor-widget-container\">\n\t\t\t\t\t\t\t\t\t<div class=\"elementor-button-wrapper\">\n\t\t\t\t\t<a class=\"elementor-button elementor-button-link elementor-size-sm elementor-animation-hang\" href=\"https:\/\/toppropertiesestepona.com\/location\/casares\/\">\n\t\t\t\t\t\t<span class=\"elementor-button-content-wrapper\">\n\t\t\t\t\t\t\t\t\t<span class=\"elementor-button-text\">Golf apartments in Casares<\/span>\n\t\t\t\t\t<\/span>\n\t\t\t\t\t<\/a>\n\t\t\t\t<\/div>\n\t\t\t\t\t\t\t\t<\/div>\n\t\t\t\t<\/div>\n\t\t\t\t<\/div>\n\t\t\t\t\t<\/div>\n\t\t\t\t<\/div>\n\t\t<div class=\"elementor-element elementor-element-9b907c6 e-flex e-con-boxed e-con e-parent\" data-id=\"9b907c6\" data-element_type=\"container\" data-e-type=\"container\" data-settings=\"{&quot;background_background&quot;:&quot;classic&quot;}\">\n\t\t\t\t\t<div class=\"e-con-inner\">\n\t\t\t\t<div class=\"elementor-element elementor-element-e693985 elementor-widget__width-initial elementor-widget elementor-widget-heading\" data-id=\"e693985\" data-element_type=\"widget\" data-e-type=\"widget\" data-widget_type=\"heading.default\">\n\t\t\t\t<div class=\"elementor-widget-container\">\n\t\t\t\t\t<h2 class=\"elementor-heading-title elementor-size-default\">Why you should buy Casares property<\/h2>\t\t\t\t<\/div>\n\t\t\t\t<\/div>\n\t\t\t\t<div class=\"elementor-element elementor-element-fd3a8d7 elementor-widget__width-initial elementor-widget elementor-widget-text-editor\" data-id=\"fd3a8d7\" data-element_type=\"widget\" data-e-type=\"widget\" data-widget_type=\"text-editor.default\">\n\t\t\t\t<div class=\"elementor-widget-container\">\n\t\t\t\t\t\t\t\t\t<p>Once considered a well-kept secret, Casares is now becoming more well-known amongst foreign buyers. This is mainly due to the arrival of the nearby 5-star lifestyle resort, Finca Cortesin luxury hotel, golf and resort, where you\u2019ll find the designer homes; Marea by Missoni.\u00a0 However, property prices in Casares are still considerably lower than in Marbella and other big-name resorts, which means that investors have access to a superb choice of Casares property, ranging from well-priced golf apartments to majestic luxury Finca Cortesin villas for sale. Casares is also extremely handy workers who want to enjoy the laid-back Spanish lifestyle, but work in Gibraltar, as it is within easy reach of the frontier and Gibraltar\u2019s international airport.<\/p>\t\t\t\t\t\t\t\t<\/div>\n\t\t\t\t<\/div>\n\t\t\t\t\t<\/div>\n\t\t\t\t<\/div>\n\t\t<div class=\"elementor-element elementor-element-36b25cc e-flex e-con-boxed e-con e-parent\" data-id=\"36b25cc\" data-element_type=\"container\" data-e-type=\"container\">\n\t\t\t\t\t<div class=\"e-con-inner\">\n\t\t<div class=\"elementor-element elementor-element-f679855 e-con-full e-flex e-con e-child\" data-id=\"f679855\" data-element_type=\"container\" data-e-type=\"container\">\n\t\t<div class=\"elementor-element elementor-element-617c8e6 e-con-full e-flex e-con e-child\" data-id=\"617c8e6\" data-element_type=\"container\" data-e-type=\"container\">\n\t\t\t\t<div class=\"elementor-element elementor-element-fc2fe42 elementor-widget elementor-widget-image\" data-id=\"fc2fe42\" data-element_type=\"widget\" data-e-type=\"widget\" data-widget_type=\"image.default\">\n\t\t\t\t<div class=\"elementor-widget-container\">\n\t\t\t\t\t\t\t\t\t\t\t\t\t\t\t<img loading=\"lazy\" decoding=\"async\" width=\"2560\" height=\"2560\" src=\"https:\/\/toppropertiesestepona.com\/wp-content\/uploads\/2025\/10\/icon-3-scaled.png\" class=\"attachment-full size-full wp-image-604\" alt=\"\" srcset=\"https:\/\/toppropertiesestepona.com\/wp-content\/uploads\/2025\/10\/icon-3-scaled.png 2560w, https:\/\/toppropertiesestepona.com\/wp-content\/uploads\/2025\/10\/icon-3-300x300.png 300w, https:\/\/toppropertiesestepona.com\/wp-content\/uploads\/2025\/10\/icon-3-1024x1024.png 1024w, https:\/\/toppropertiesestepona.com\/wp-content\/uploads\/2025\/10\/icon-3-150x150.png 150w, https:\/\/toppropertiesestepona.com\/wp-content\/uploads\/2025\/10\/icon-3-768x768.png 768w, https:\/\/toppropertiesestepona.com\/wp-content\/uploads\/2025\/10\/icon-3-1536x1536.png 1536w, https:\/\/toppropertiesestepona.com\/wp-content\/uploads\/2025\/10\/icon-3-2048x2048.png 2048w, https:\/\/toppropertiesestepona.com\/wp-content\/uploads\/2025\/10\/icon-3-12x12.png 12w\" sizes=\"(max-width: 2560px) 100vw, 2560px\" \/>\t\t\t\t\t\t\t\t\t\t\t\t\t\t\t<\/div>\n\t\t\t\t<\/div>\n\t\t\t\t<div class=\"elementor-element elementor-element-6b71693 elementor-widget__width-initial elementor-widget elementor-widget-heading\" data-id=\"6b71693\" data-element_type=\"widget\" data-e-type=\"widget\" data-widget_type=\"heading.default\">\n\t\t\t\t<div class=\"elementor-widget-container\">\n\t\t\t\t\t<h2 class=\"elementor-heading-title elementor-size-default\">Interested in countryside property on the Costa del Sol, Finca Cortesin property for sale or beachside houses for sale in Casares, Spain?<\/h2>\t\t\t\t<\/div>\n\t\t\t\t<\/div>\n\t\t\t\t<div class=\"elementor-element elementor-element-77d8c1d elementor-widget__width-initial elementor-widget elementor-widget-text-editor\" data-id=\"77d8c1d\" data-element_type=\"widget\" data-e-type=\"widget\" data-widget_type=\"text-editor.default\">\n\t\t\t\t<div class=\"elementor-widget-container\">\n\t\t\t\t\t\t\t\t\t<p>Get in touch and let us know your requirements.<\/p>\t\t\t\t\t\t\t\t<\/div>\n\t\t\t\t<\/div>\n\t\t\t\t<div class=\"elementor-element elementor-element-6c8cfb6 elementor-button-align-center elementor-widget__width-initial elementor-widget elementor-widget-global elementor-global-1112 elementor-widget-form\" data-id=\"6c8cfb6\" data-element_type=\"widget\" data-e-type=\"widget\" data-settings=\"{&quot;step_next_label&quot;:&quot;Next&quot;,&quot;step_previous_label&quot;:&quot;Previous&quot;,&quot;button_width&quot;:&quot;100&quot;,&quot;step_type&quot;:&quot;number_text&quot;,&quot;step_icon_shape&quot;:&quot;circle&quot;}\" data-widget_type=\"form.default\">\n\t\t\t\t<div class=\"elementor-widget-container\">\n\t\t\t\t\t\t\t<form class=\"elementor-form\" method=\"post\" id=\"Form_1\" name=\"Main Form\" aria-label=\"Main Form\">\n\t\t\t<input type=\"hidden\" name=\"post_id\" value=\"597\"\/>\n\t\t\t<input type=\"hidden\" name=\"form_id\" value=\"6c8cfb6\"\/>\n\t\t\t<input type=\"hidden\" name=\"referer_title\" value=\"\" \/>\n\n\t\t\t\n\t\t\t<div class=\"elementor-form-fields-wrapper elementor-labels-\">\n\t\t\t\t\t\t\t\t<div class=\"elementor-field-type-text elementor-field-group elementor-column elementor-field-group-name elementor-col-100 elementor-field-required\">\n\t\t\t\t\t\t\t\t\t\t\t\t<label for=\"form-field-name\" class=\"elementor-field-label elementor-screen-only\">\n\t\t\t\t\t\t\t\tName\t\t\t\t\t\t\t<\/label>\n\t\t\t\t\t\t\t\t\t\t\t\t\t\t<input size=\"1\" type=\"text\" name=\"form_fields[name]\" id=\"form-field-name\" class=\"elementor-field elementor-size-xs  elementor-field-textual\" placeholder=\"Name*\" required=\"required\">\n\t\t\t\t\t\t\t\t\t\t\t<\/div>\n\t\t\t\t\t\t\t\t<div class=\"elementor-field-type-email elementor-field-group elementor-column elementor-field-group-email elementor-col-100 elementor-field-required\">\n\t\t\t\t\t\t\t\t\t\t\t\t<label for=\"form-field-email\" class=\"elementor-field-label elementor-screen-only\">\n\t\t\t\t\t\t\t\tEmail Address\t\t\t\t\t\t\t<\/label>\n\t\t\t\t\t\t\t\t\t\t\t\t\t\t<input size=\"1\" type=\"email\" name=\"form_fields[email]\" id=\"form-field-email\" class=\"elementor-field elementor-size-xs  elementor-field-textual\" placeholder=\"Email Address*\" required=\"required\">\n\t\t\t\t\t\t\t\t\t\t\t<\/div>\n\t\t\t\t\t\t\t\t<div class=\"elementor-field-type-text elementor-field-group elementor-column elementor-field-group-phonee elementor-col-100 elementor-field-required\">\n\t\t\t\t\t\t\t\t\t\t\t\t<label for=\"form-field-phonee\" class=\"elementor-field-label elementor-screen-only\">\n\t\t\t\t\t\t\t\tPhone number\t\t\t\t\t\t\t<\/label>\n\t\t\t\t\t\t\t\t\t\t\t\t\t\t<input size=\"1\" type=\"text\" name=\"form_fields[phonee]\" id=\"form-field-phonee\" class=\"elementor-field elementor-size-xs  elementor-field-textual\" placeholder=\"Phone number*\" required=\"required\">\n\t\t\t\t\t\t\t\t\t\t\t<\/div>\n\t\t\t\t\t\t\t\t<div class=\"elementor-field-type-textarea elementor-field-group elementor-column elementor-field-group-message elementor-col-100\">\n\t\t\t\t\t\t\t\t\t\t\t\t<label for=\"form-field-message\" class=\"elementor-field-label elementor-screen-only\">\n\t\t\t\t\t\t\t\tMessage\t\t\t\t\t\t\t<\/label>\n\t\t\t\t\t\t<textarea class=\"elementor-field-textual elementor-field  elementor-size-xs\" name=\"form_fields[message]\" id=\"form-field-message\" rows=\"4\" placeholder=\"Message\"><\/textarea>\t\t\t\t<\/div>\n\t\t\t\t\t\t\t\t<div class=\"elementor-field-type-html elementor-field-group elementor-column elementor-field-group-field_43f3b40 elementor-col-100\">\n\t\t\t\t\t<details style=\"font-size: 12px;\">\n<summary style=\"font-size: 12px;\">Informative clause<\/summary>\nDe conformidad con lo dispuesto en la normativa vigente de Protecci\u00f3n de datos, le informamos que los datos que nos facilite ser\u00e1n tratados por el Responsable del tratamiento, con el fin de atender y responder las solicitudes de contacto, concertaci\u00f3n de citas, peticiones de informaci\u00f3n y\/o consultas recibidas. La legitimaci\u00f3n del tratamiento se basa en la ejecuci\u00f3n del servicio y\/o en el consentimiento del interesado. Sus datos no se comunicar\u00e1n a terceros salvo obligaci\u00f3n legal. Puede ejercitar los derechos de acceso, rectificaci\u00f3n, supresi\u00f3n, oposici\u00f3n, limitaci\u00f3n y portabilidad enviando un mail a : <a href=\"mailto: info@toppropertiesestepona.com\" bis_skin_checked=\"1\"> info@toppropertiesestepona.com <\/a>Puede consultar la informaci\u00f3n detallada en nuestra  <a href=\"\/politica-de-privacidad\/\" target=\"_blank\" bis_skin_checked=\"1\">POL\u00cdTICA DE PRIVACIDAD.<\/a>\n<\/details>\t\t\t\t<\/div>\n\t\t\t\t\t\t\t\t<div class=\"elementor-field-type-acceptance elementor-field-group elementor-column elementor-field-group-field_bc480f8 elementor-col-100 elementor-field-required\">\n\t\t\t\t\t\t\t<div class=\"elementor-field-subgroup\">\n\t\t\t<span class=\"elementor-field-option\">\n\t\t\t\t<input type=\"checkbox\" name=\"form_fields[field_bc480f8]\" id=\"form-field-field_bc480f8\" class=\"elementor-field elementor-size-xs  elementor-acceptance-field\" required=\"required\">\n\t\t\t\t<label for=\"form-field-field_bc480f8\">He le\u00eddo y Acepto la <a href=\"\/politica-de-privacidad\/\" target=\"_blank\" bis_skin_checked=\"1\">Pol\u00edtica de Privacidad.<\/a><\/label>\t\t\t<\/span>\n\t\t<\/div>\n\t\t\t\t\t\t<\/div>\n\t\t\t\t\t\t\t\t<div class=\"elementor-field-type-acceptance elementor-field-group elementor-column elementor-field-group-field_cde3fa6 elementor-col-100\">\n\t\t\t\t\t\t\t<div class=\"elementor-field-subgroup\">\n\t\t\t<span class=\"elementor-field-option\">\n\t\t\t\t<input type=\"checkbox\" name=\"form_fields[field_cde3fa6]\" id=\"form-field-field_cde3fa6\" class=\"elementor-field elementor-size-xs  elementor-acceptance-field\">\n\t\t\t\t<label for=\"form-field-field_cde3fa6\">Acepto el uso de mis datos de contacto para env\u00edo de informaci\u00f3n comercial acerca de productos y\/o servicios de la empresa<\/label>\t\t\t<\/span>\n\t\t<\/div>\n\t\t\t\t\t\t<\/div>\n\t\t\t\t\t\t\t\t<div class=\"elementor-field-type-text\">\n\t\t\t\t\t<input size=\"1\" type=\"text\" name=\"form_fields[field_aee277a]\" id=\"form-field-field_aee277a\" class=\"elementor-field elementor-size-xs \" style=\"display:none !important;\">\t\t\t\t<\/div>\n\t\t\t\t\t\t\t\t<div class=\"elementor-field-type-recaptcha elementor-field-group elementor-column elementor-field-group-field_4c552cc elementor-col-100\">\n\t\t\t\t\t<div class=\"elementor-field\" id=\"form-field-field_4c552cc\"><div class=\"elementor-g-recaptcha\" data-sitekey=\"6LcZ6x4sAAAAABBp6fSbXp_PdzpwZvM17X-mZMTz\" data-type=\"v2_checkbox\" data-theme=\"light\" data-size=\"normal\"><\/div><\/div>\t\t\t\t<\/div>\n\t\t\t\t\t\t\t\t<div class=\"elementor-field-group elementor-column elementor-field-type-submit elementor-col-100 e-form__buttons\">\n\t\t\t\t\t<button class=\"elementor-button elementor-size-sm\" type=\"submit\">\n\t\t\t\t\t\t<span class=\"elementor-button-content-wrapper\">\n\t\t\t\t\t\t\t\t\t\t\t\t\t\t\t\t\t\t\t\t\t\t<span class=\"elementor-button-text\">Submit<\/span>\n\t\t\t\t\t\t\t\t\t\t\t\t\t<\/span>\n\t\t\t\t\t<\/button>\n\t\t\t\t<\/div>\n\t\t\t<\/div>\n\t\t<\/form>\n\t\t\t\t\t\t<\/div>\n\t\t\t\t<\/div>\n\t\t\t\t<\/div>\n\t\t\t\t<\/div>\n\t\t\t\t\t<\/div>\n\t\t\t\t<\/div>\n\t\t\t\t<\/div>\n\t\t","protected":false},"excerpt":{"rendered":"<p>About Casares Why investors want to buy Casares Property Nestled between Estepona \u2018the garden of Andaluc\u00eda\u2019 and Manilva on the most westerly tip of the Costa del Sol, Casares is one of the least well-known destinations on Spain\u2019s Mediterranean coast. Casares Municipality spans 160 square kilometres and has two distinct areas: the hillside village of&#8230;<a href=\"https:\/\/toppropertiesestepona.com\/es\/casares\/\" class=\"epl-more-link\">Read More&rarr;<\/a><\/p>","protected":false},"author":1,"featured_media":0,"parent":0,"menu_order":0,"comment_status":"closed","ping_status":"closed","template":"elementor_header_footer","meta":{"_acf_changed":false,"content-type":"","footnotes":""},"class_list":["post-597","page","type-page","status-publish","hentry"],"acf":[],"_links":{"self":[{"href":"https:\/\/toppropertiesestepona.com\/es\/wp-json\/wp\/v2\/pages\/597","targetHints":{"allow":["GET"]}}],"collection":[{"href":"https:\/\/toppropertiesestepona.com\/es\/wp-json\/wp\/v2\/pages"}],"about":[{"href":"https:\/\/toppropertiesestepona.com\/es\/wp-json\/wp\/v2\/types\/page"}],"author":[{"embeddable":true,"href":"https:\/\/toppropertiesestepona.com\/es\/wp-json\/wp\/v2\/users\/1"}],"replies":[{"embeddable":true,"href":"https:\/\/toppropertiesestepona.com\/es\/wp-json\/wp\/v2\/comments?post=597"}],"version-history":[{"count":55,"href":"https:\/\/toppropertiesestepona.com\/es\/wp-json\/wp\/v2\/pages\/597\/revisions"}],"predecessor-version":[{"id":6422,"href":"https:\/\/toppropertiesestepona.com\/es\/wp-json\/wp\/v2\/pages\/597\/revisions\/6422"}],"wp:attachment":[{"href":"https:\/\/toppropertiesestepona.com\/es\/wp-json\/wp\/v2\/media?parent=597"}],"curies":[{"name":"wp","href":"https:\/\/api.w.org\/{rel}","templated":true}]}}